{"id":29,"date":"2021-04-07T13:23:37","date_gmt":"2021-04-07T11:23:37","guid":{"rendered":"https:\/\/calandreta.establiment.fr\/cintegabelle\/?page_id=29"},"modified":"2021-06-18T16:36:08","modified_gmt":"2021-06-18T14:36:08","slug":"accueil","status":"publish","type":"page","link":"https:\/\/cintegabelle.establiment.fr\/","title":{"rendered":"Accueil"},"content":{"rendered":"\t\t<div data-elementor-type=\"wp-page\" data-elementor-id=\"29\" class=\"elementor elementor-29\">\n\t\t\t\t\t\t<section class=\"elementor-section elementor-top-section elementor-element elementor-element-7a6c522 elementor-section-boxed elementor-section-height-default elementor-section-height-default\" data-id=\"7a6c522\" data-element_type=\"section\">\n\t\t\t\t\t\t<div class=\"elementor-container elementor-column-gap-default\">\n\t\t\t\t\t<div class=\"elementor-column elementor-col-100 elementor-top-column elementor-element elementor-element-d8d0f74\" data-id=\"d8d0f74\" data-element_type=\"column\">\n\t\t\t<div class=\"elementor-widget-wrap elementor-element-populated\">\n\t\t\t\t\t\t<div class=\"elementor-element elementor-element-e5b97a8 elementor-widget elementor-widget-spacer\" data-id=\"e5b97a8\" data-element_type=\"widget\" data-widget_type=\"spacer.default\">\n\t\t\t\t<div class=\"elementor-widget-container\">\n\t\t\t\t\t<div class=\"elementor-spacer\">\n\t\t\t<div class=\"elementor-spacer-inner\"><\/div>\n\t\t<\/div>\n\t\t\t\t<\/div>\n\t\t\t\t<\/div>\n\t\t\t\t\t<\/div>\n\t\t<\/div>\n\t\t\t\t\t<\/div>\n\t\t<\/section>\n\t\t\t\t<section class=\"elementor-section elementor-top-section elementor-element elementor-element-650e8ae elementor-section-boxed elementor-section-height-default elementor-section-height-default\" data-id=\"650e8ae\" data-element_type=\"section\">\n\t\t\t\t\t\t<div class=\"elementor-container elementor-column-gap-default\">\n\t\t\t\t\t<div class=\"elementor-column elementor-col-66 elementor-top-column elementor-element elementor-element-763c3aa\" data-id=\"763c3aa\" data-element_type=\"column\">\n\t\t\t<div class=\"elementor-widget-wrap elementor-element-populated\">\n\t\t\t\t\t\t<div class=\"elementor-element elementor-element-80b6a9a elementor-arrows-position-inside elementor-pagination-position-outside elementor-widget elementor-widget-image-carousel\" data-id=\"80b6a9a\" data-element_type=\"widget\" data-settings=\"{&quot;slides_to_show&quot;:&quot;1&quot;,&quot;navigation&quot;:&quot;both&quot;,&quot;autoplay&quot;:&quot;yes&quot;,&quot;pause_on_hover&quot;:&quot;yes&quot;,&quot;pause_on_interaction&quot;:&quot;yes&quot;,&quot;autoplay_speed&quot;:5000,&quot;infinite&quot;:&quot;yes&quot;,&quot;effect&quot;:&quot;slide&quot;,&quot;speed&quot;:500}\" data-widget_type=\"image-carousel.default\">\n\t\t\t\t<div class=\"elementor-widget-container\">\n\t\t\t\t\t<div class=\"elementor-image-carousel-wrapper swiper\" dir=\"ltr\">\n\t\t\t<div class=\"elementor-image-carousel swiper-wrapper\" aria-live=\"off\">\n\t\t\t\t\t\t\t\t<div class=\"swiper-slide\" role=\"group\" aria-roledescription=\"slide\" aria-label=\"1 sur 5\"><figure class=\"swiper-slide-inner\"><img decoding=\"async\" class=\"swiper-slide-image\" src=\"https:\/\/cintegabelle.establiment.fr\/wp-content\/uploads\/2021\/04\/Photo2-1024x576.png\" alt=\"Photo2\" \/><\/figure><\/div><div class=\"swiper-slide\" role=\"group\" aria-roledescription=\"slide\" aria-label=\"2 sur 5\"><figure class=\"swiper-slide-inner\"><img decoding=\"async\" class=\"swiper-slide-image\" src=\"https:\/\/cintegabelle.establiment.fr\/wp-content\/uploads\/2021\/04\/Photo4-1024x576.png\" alt=\"Photo4\" \/><\/figure><\/div><div class=\"swiper-slide\" role=\"group\" aria-roledescription=\"slide\" aria-label=\"3 sur 5\"><figure class=\"swiper-slide-inner\"><img decoding=\"async\" class=\"swiper-slide-image\" src=\"https:\/\/cintegabelle.establiment.fr\/wp-content\/uploads\/2021\/04\/Photo3-1024x576.png\" alt=\"Photo3\" \/><\/figure><\/div><div class=\"swiper-slide\" role=\"group\" aria-roledescription=\"slide\" aria-label=\"4 sur 5\"><figure class=\"swiper-slide-inner\"><img decoding=\"async\" class=\"swiper-slide-image\" src=\"https:\/\/cintegabelle.establiment.fr\/wp-content\/uploads\/2021\/04\/Photo1-1024x576.png\" alt=\"Photo1\" \/><\/figure><\/div><div class=\"swiper-slide\" role=\"group\" aria-roledescription=\"slide\" aria-label=\"5 sur 5\"><figure class=\"swiper-slide-inner\"><img decoding=\"async\" class=\"swiper-slide-image\" src=\"https:\/\/cintegabelle.establiment.fr\/wp-content\/uploads\/2021\/04\/Sans-titre-5-1024x576.png\" alt=\"Photo5\" \/><\/figure><\/div>\t\t\t<\/div>\n\t\t\t\t\t\t\t\t\t\t\t\t<div class=\"elementor-swiper-button elementor-swiper-button-prev\" role=\"button\" tabindex=\"0\">\n\t\t\t\t\t\t<i aria-hidden=\"true\" class=\"eicon-chevron-left\"><\/i>\t\t\t\t\t<\/div>\n\t\t\t\t\t<div class=\"elementor-swiper-button elementor-swiper-button-next\" role=\"button\" tabindex=\"0\">\n\t\t\t\t\t\t<i aria-hidden=\"true\" class=\"eicon-chevron-right\"><\/i>\t\t\t\t\t<\/div>\n\t\t\t\t\n\t\t\t\t\t\t\t\t\t<div class=\"swiper-pagination\"><\/div>\n\t\t\t\t\t\t\t\t\t<\/div>\n\t\t\t\t<\/div>\n\t\t\t\t<\/div>\n\t\t\t\t\t<\/div>\n\t\t<\/div>\n\t\t\t\t<div class=\"elementor-column elementor-col-33 elementor-top-column elementor-element elementor-element-eecfb1f\" data-id=\"eecfb1f\" data-element_type=\"column\">\n\t\t\t<div class=\"elementor-widget-wrap elementor-element-populated\">\n\t\t\t\t\t\t<div class=\"elementor-element elementor-element-7763a29 elementor-widget elementor-widget-shortcode\" data-id=\"7763a29\" data-element_type=\"widget\" data-widget_type=\"shortcode.default\">\n\t\t\t\t<div class=\"elementor-widget-container\">\n\t\t\t\t\t<div class=\"elementor-shortcode\"><\/div>\n\t\t\t\t<\/div>\n\t\t\t\t<\/div>\n\t\t\t\t\t<\/div>\n\t\t<\/div>\n\t\t\t\t\t<\/div>\n\t\t<\/section>\n\t\t\t\t<section class=\"elementor-section elementor-top-section elementor-element elementor-element-c6c7dee elementor-section-boxed elementor-section-height-default elementor-section-height-default\" data-id=\"c6c7dee\" data-element_type=\"section\">\n\t\t\t\t\t\t<div class=\"elementor-container elementor-column-gap-default\">\n\t\t\t\t\t<div class=\"elementor-column elementor-col-100 elementor-top-column elementor-element elementor-element-db18053\" data-id=\"db18053\" data-element_type=\"column\">\n\t\t\t<div class=\"elementor-widget-wrap elementor-element-populated\">\n\t\t\t\t\t\t<div class=\"elementor-element elementor-element-2ca6275 elementor-widget elementor-widget-heading\" data-id=\"2ca6275\" data-element_type=\"widget\" data-widget_type=\"heading.default\">\n\t\t\t\t<div class=\"elementor-widget-container\">\n\t\t\t<h2 class=\"elementor-heading-title elementor-size-medium\">Pr\u00e9sentation de l'\u00e9cole<\/h2>\t\t<\/div>\n\t\t\t\t<\/div>\n\t\t\t\t\t<\/div>\n\t\t<\/div>\n\t\t\t\t\t<\/div>\n\t\t<\/section>\n\t\t\t\t<section class=\"elementor-section elementor-top-section elementor-element elementor-element-c2062ad elementor-section-boxed elementor-section-height-default elementor-section-height-default\" data-id=\"c2062ad\" data-element_type=\"section\">\n\t\t\t\t\t\t<div class=\"elementor-container elementor-column-gap-default\">\n\t\t\t\t\t<div class=\"elementor-column elementor-col-100 elementor-top-column elementor-element elementor-element-64df8b1\" data-id=\"64df8b1\" data-element_type=\"column\">\n\t\t\t<div class=\"elementor-widget-wrap elementor-element-populated\">\n\t\t\t\t\t\t<div class=\"elementor-element elementor-element-1e2d665 elementor-widget elementor-widget-text-editor\" data-id=\"1e2d665\" data-element_type=\"widget\" data-widget_type=\"text-editor.default\">\n\t\t\t\t<div class=\"elementor-widget-container\">\n\t\t\t\t\t\t\t<p class=\"slogan color_rouge slogan_dl\"><span class=\"color_gris slogan_2\">Cr\u00e9\u00e9e \u00e0 &#8230; en &#8230;, la Calandreta &#8230; est une \u00e9cole associative, bilingue et la\u00efque, qui enseigne l\u2019occitan par l\u2019immersion dans la langue et d\u00e9veloppe une d\u00e9marche p\u00e9dagogique inspir\u00e9e de la m\u00e9thode Freinet et de la p\u00e9dagogie institutionnelle.<\/span><\/p>\t\t\t\t\t\t<\/div>\n\t\t\t\t<\/div>\n\t\t\t\t\t<\/div>\n\t\t<\/div>\n\t\t\t\t\t<\/div>\n\t\t<\/section>\n\t\t\t\t<section class=\"elementor-section elementor-top-section elementor-element elementor-element-91c9ef6 elementor-section-boxed elementor-section-height-default elementor-section-height-default\" data-id=\"91c9ef6\" data-element_type=\"section\">\n\t\t\t\t\t\t<div class=\"elementor-container elementor-column-gap-default\">\n\t\t\t\t\t<div class=\"elementor-column elementor-col-100 elementor-top-column elementor-element elementor-element-d2e0151\" data-id=\"d2e0151\" data-element_type=\"column\">\n\t\t\t<div class=\"elementor-widget-wrap elementor-element-populated\">\n\t\t\t\t\t\t<div class=\"elementor-element elementor-element-df52482 elementor-widget elementor-widget-heading\" data-id=\"df52482\" data-element_type=\"widget\" data-widget_type=\"heading.default\">\n\t\t\t\t<div class=\"elementor-widget-container\">\n\t\t\t<h2 class=\"elementor-heading-title elementor-size-medium\">Pr\u00e9sentacion de la esc\u00f2la <\/h2>\t\t<\/div>\n\t\t\t\t<\/div>\n\t\t\t\t\t<\/div>\n\t\t<\/div>\n\t\t\t\t\t<\/div>\n\t\t<\/section>\n\t\t\t\t<section class=\"elementor-section elementor-top-section elementor-element elementor-element-d4e5211 elementor-section-boxed elementor-section-height-default elementor-section-height-default\" data-id=\"d4e5211\" data-element_type=\"section\">\n\t\t\t\t\t\t<div class=\"elementor-container elementor-column-gap-default\">\n\t\t\t\t\t<div class=\"elementor-column elementor-col-100 elementor-top-column elementor-element elementor-element-8da3a95\" data-id=\"8da3a95\" data-element_type=\"column\">\n\t\t\t<div class=\"elementor-widget-wrap elementor-element-populated\">\n\t\t\t\t\t\t<div class=\"elementor-element elementor-element-b71e7ab elementor-widget elementor-widget-text-editor\" data-id=\"b71e7ab\" data-element_type=\"widget\" data-widget_type=\"text-editor.default\">\n\t\t\t\t<div class=\"elementor-widget-container\">\n\t\t\t\t\t\t\t<p class=\"slogan color_rouge slogan_dl\"><span class=\"color_gris slogan_2\">Creada a &#8230;, la Calandreta &#8230; es una esc\u00f2la associativa, biling\u00fca e la\u00efca qu\u2019ensenha l\u2019occitan per imersion dins la lenga e desvelopa un procediment pedagogic inspirat del met\u00f2de Freinet e de la pedagogia institutionala.<\/span><\/p>\t\t\t\t\t\t<\/div>\n\t\t\t\t<\/div>\n\t\t\t\t\t<\/div>\n\t\t<\/div>\n\t\t\t\t\t<\/div>\n\t\t<\/section>\n\t\t\t\t<section class=\"elementor-section elementor-top-section elementor-element elementor-element-2df90ec elementor-section-boxed elementor-section-height-default elementor-section-height-default\" data-id=\"2df90ec\" data-element_type=\"section\">\n\t\t\t\t\t\t<div class=\"elementor-container elementor-column-gap-default\">\n\t\t\t\t\t<div class=\"elementor-column elementor-col-33 elementor-top-column elementor-element elementor-element-0163e10\" data-id=\"0163e10\" data-element_type=\"column\">\n\t\t\t<div class=\"elementor-widget-wrap elementor-element-populated\">\n\t\t\t\t\t\t<div class=\"elementor-element elementor-element-1a7cfe5 elementor-widget elementor-widget-heading\" data-id=\"1a7cfe5\" data-element_type=\"widget\" data-widget_type=\"heading.default\">\n\t\t\t\t<div class=\"elementor-widget-container\">\n\t\t\t<h2 class=\"elementor-heading-title elementor-size-default\">Associative<\/h2>\t\t<\/div>\n\t\t\t\t<\/div>\n\t\t\t\t<div class=\"elementor-element elementor-element-dbe7372 elementor-view-default elementor-widget elementor-widget-icon\" data-id=\"dbe7372\" data-element_type=\"widget\" data-widget_type=\"icon.default\">\n\t\t\t\t<div class=\"elementor-widget-container\">\n\t\t\t\t\t<div class=\"elementor-icon-wrapper\">\n\t\t\t<div class=\"elementor-icon\">\n\t\t\t<svg xmlns=\"http:\/\/www.w3.org\/2000\/svg\" xmlns:xlink=\"http:\/\/www.w3.org\/1999\/xlink\" id=\"Capa_1\" x=\"0px\" y=\"0px\" width=\"122.981px\" height=\"122.981px\" viewBox=\"0 0 122.981 122.981\" style=\"enable-background:new 0 0 122.981 122.981;\" xml:space=\"preserve\"><g>\t<path d=\"M97.196,36.995c2.849,1.308,5.869,2.734,5.917,2.757c0.457,0.216,0.939,0.318,1.413,0.318c1.24,0,2.429-0.701,2.994-1.897   c0.782-1.653,0.076-3.626-1.578-4.408c-0.124-0.057-1.321-0.624-2.893-1.357C101.759,34.595,99.679,36.259,97.196,36.995z\"><\/path>\t<g>\t\t<path d=\"M50.824,36.72l-1.436,1.311l-1.893-1.783c-0.392-0.065-0.777-0.149-1.153-0.258c-0.782,0.354-1.714,0.839-2.677,1.407    c0.07-0.414,0.067-0.834-0.015-1.241c0.428-0.25,0.849-0.479,1.263-0.697c-2.209-1.01-3.998-2.77-5.05-4.955    c-0.582,0.354-1.153,0.716-1.698,1.084c-0.797-0.457-1.564-0.892-2.169-1.233c-1.018,2.205-2.784,3.989-4.975,5.033    c1.793,0.932,6.154,3.349,7.365,4.203c0.265,0.187,0.551,0.314,0.844,0.416v17.664c0,1.518,0.244,2.963,0.699,4.28    c-0.013,0.141-0.021,0.283-0.021,0.426v3.967h0.026c-0.002,0.057-0.017,0.111-0.017,0.169l0.001,34.886    c0,2.377,1.928,4.305,4.306,4.305s4.305-1.928,4.305-4.305l-0.001-34.886c0-0.058-0.015-0.112-0.017-0.169h0.647    c-0.002,0.057-0.017,0.111-0.017,0.168l-0.002,34.887c0,2.377,1.927,4.305,4.305,4.305l0,0c2.377,0,4.306-1.928,4.306-4.305    l0.002-34.887c0-0.059-0.015-0.111-0.017-0.169h0.05l0.003-4.509c0,0,0.762-1.02,0.762-4.718c0-1.987,0.202-9.395,0.202-9.395    l0.021-8.101c-0.045-0.021-6.162-3.374-6.162-3.374L50.824,36.72z\"><\/path>\t\t<path d=\"M28.547,36.51l-1.893,1.451l-1.436-1.312c-3.134,1.429-6.904,3.21-6.955,3.234c-0.548,0.259-1.132,0.391-1.735,0.391    c-0.668,0-1.311-0.176-1.884-0.477l-0.013,0.013c-3.626-2.909-6.65-7.946-7.71-10.114c-0.879-1.81-3.059-2.564-4.869-1.686    c-1.809,0.879-2.564,3.06-1.685,4.869C1.01,34.202,6.9,45.881,15.787,48.663c0.513,0.16,1.026,0.279,1.541,0.374    c0.058,2.24,0.165,6.561,0.165,8.01c0,3.699,0.761,4.719,0.761,4.719l0.003,4.508h0.066c-0.002,0.059-0.018,0.114-0.018,0.174    l0.002,34.885c0,2.377,1.927,4.306,4.306,4.306c2.377,0,4.305-1.929,4.305-4.306l-0.001-34.887c0-0.059-0.015-0.113-0.018-0.172    h0.648c-0.002,0.059-0.018,0.114-0.018,0.172l-0.002,34.887c0,2.377,1.927,4.306,4.305,4.306c2.378,0,4.305-1.927,4.306-4.306    l0.002-34.885c0-0.06-0.015-0.115-0.018-0.174h0.011v-3.967c0-0.145-0.009-0.285-0.021-0.426c0.455-1.318,0.698-2.763,0.698-4.281    V39.606c-1.548,0.124-6.21-3.26-6.782-3.52C29.654,36.195,28.939,36.444,28.547,36.51z\"><\/path>\t\t<path d=\"M16.411,39.115c0.485,0,0.978-0.104,1.445-0.326c0.048-0.023,3.069-1.45,5.953-2.775    c-2.577-0.715-4.748-2.398-6.104-4.636c-1.498,0.7-2.624,1.23-2.743,1.288c-1.691,0.798-2.414,2.818-1.616,4.508    C13.926,38.399,15.143,39.115,16.411,39.115z\"><\/path>\t\t<circle cx=\"49.391\" cy=\"26.195\" r=\"9.384\"><\/circle>\t\t<circle cx=\"26.76\" cy=\"26.195\" r=\"9.384\"><\/circle>\t\t<path d=\"M73.842,37.051l-1.437,1.311l-1.892-1.783c-0.393-0.065-0.777-0.149-1.154-0.258c-0.781,0.355-1.713,0.839-2.677,1.407    c0.07-0.414,0.066-0.833-0.016-1.241c0.429-0.249,0.85-0.479,1.263-0.697c-2.209-1.01-3.998-2.77-5.05-4.955    c-0.582,0.354-1.153,0.716-1.698,1.085c-0.797-0.457-1.565-0.892-2.169-1.234c-1.018,2.205-2.784,3.989-4.975,5.033    c1.793,0.932,6.154,3.349,7.365,4.203c0.265,0.187,0.551,0.314,0.844,0.417v17.663c0,1.518,0.244,2.963,0.698,4.281    c-0.013,0.14-0.021,0.281-0.021,0.426v3.967h0.027c-0.002,0.057-0.017,0.111-0.017,0.17l0.001,34.885    c0,2.379,1.928,4.305,4.306,4.305c2.377,0,4.306-1.926,4.306-4.305l-0.001-34.887c0-0.059-0.016-0.111-0.018-0.169h0.647    c-0.002,0.058-0.018,0.11-0.018,0.168l-0.002,34.886c0,2.379,1.927,4.305,4.306,4.307c2.377,0,4.306-1.928,4.306-4.305    l0.002-34.886c0-0.058-0.015-0.112-0.017-0.17h0.05l0.003-4.509c0,0,0.762-1.02,0.762-4.718c0-1.987,0.202-9.396,0.202-9.396    l0.021-8.1c-0.045-0.022-6.162-3.375-6.162-3.375L73.842,37.051z\"><\/path>\t\t<circle cx=\"72.408\" cy=\"26.525\" r=\"9.384\"><\/circle>\t\t<circle cx=\"95.249\" cy=\"26.659\" r=\"9.384\"><\/circle>\t\t<path d=\"M120.933,27.74c-1.809-0.881-3.987-0.129-4.871,1.677c-1.167,2.388-4.708,8.244-8.815,10.919    c-0.57,0.299-1.21,0.472-1.875,0.472c-0.602,0-1.187-0.131-1.733-0.39c-0.051-0.024-3.82-1.805-6.955-3.233l-1.437,1.311    l-1.892-1.783c-0.393-0.065-0.778-0.149-1.154-0.258c-0.781,0.355-1.713,0.838-2.677,1.407c0.07-0.414,0.067-0.834-0.015-1.242    c0.428-0.249,0.849-0.479,1.263-0.696c-2.209-1.01-3.998-2.77-5.05-4.956c-0.583,0.354-1.153,0.716-1.698,1.085    c-0.797-0.457-1.565-0.892-2.169-1.234c-1.018,2.206-2.784,3.99-4.975,5.034c1.793,0.933,6.153,3.349,7.364,4.203    c0.266,0.186,0.552,0.314,0.845,0.417v17.664c0,1.517,0.243,2.962,0.698,4.279c-0.013,0.142-0.021,0.283-0.021,0.427v3.967h0.025    c-0.002,0.058-0.017,0.111-0.017,0.169l0.002,34.887c0,2.377,1.928,4.305,4.306,4.305c2.379,0,4.306-1.928,4.306-4.307    l-0.001-34.886c0-0.058-0.016-0.112-0.018-0.168h0.647C95.016,66.868,95,66.921,95,66.978l-0.002,34.886    c0,2.379,1.928,4.306,4.306,4.307l0,0c2.377,0,4.306-1.928,4.306-4.305l0.002-34.887c0-0.058-0.015-0.111-0.017-0.169h0.05    l0.003-4.509c0,0,0.762-1.02,0.762-4.718c0-1.607,0.132-6.753,0.184-8.667c0.434-0.042,0.868-0.109,1.302-0.199l0.033,0.014    c0.004-0.008,0.01-0.015,0.014-0.023c0.419-0.087,0.837-0.188,1.255-0.319c8.887-2.782,14.778-14.461,15.42-15.784    C123.492,30.796,122.739,28.62,120.933,27.74z\"><\/path>\t<\/g><\/g><g><\/g><g><\/g><g><\/g><g><\/g><g><\/g><g><\/g><g><\/g><g><\/g><g><\/g><g><\/g><g><\/g><g><\/g><g><\/g><g><\/g><g><\/g><\/svg>\t\t\t<\/div>\n\t\t<\/div>\n\t\t\t\t<\/div>\n\t\t\t\t<\/div>\n\t\t\t\t\t<\/div>\n\t\t<\/div>\n\t\t\t\t<div class=\"elementor-column elementor-col-33 elementor-top-column elementor-element elementor-element-21ef2a1\" data-id=\"21ef2a1\" data-element_type=\"column\">\n\t\t\t<div class=\"elementor-widget-wrap elementor-element-populated\">\n\t\t\t\t\t\t<div class=\"elementor-element elementor-element-56fc26b elementor-widget elementor-widget-heading\" data-id=\"56fc26b\" data-element_type=\"widget\" data-widget_type=\"heading.default\">\n\t\t\t\t<div class=\"elementor-widget-container\">\n\t\t\t<h2 class=\"elementor-heading-title elementor-size-default\">Immersive<\/h2>\t\t<\/div>\n\t\t\t\t<\/div>\n\t\t\t\t<div class=\"elementor-element elementor-element-e8fb2da elementor-view-default elementor-widget elementor-widget-icon\" data-id=\"e8fb2da\" data-element_type=\"widget\" data-widget_type=\"icon.default\">\n\t\t\t\t<div class=\"elementor-widget-container\">\n\t\t\t\t\t<div class=\"elementor-icon-wrapper\">\n\t\t\t<div class=\"elementor-icon\">\n\t\t\t<svg xmlns=\"http:\/\/www.w3.org\/2000\/svg\" id=\"bold\" height=\"512\" viewBox=\"0 0 24 24\" width=\"512\"><path d=\"m4.5 6.25v-4.5c0-.26.03-.51.1-.75h-2.85c-.96 0-1.75.79-1.75 1.75v4.5c0 .96.79 1.75 1.75 1.75h.37l1.28 1.7c.14.18.35.29.57.3h.03c.22 0 .42-.09.56-.26l1.5-1.71c-.93-.58-1.56-1.61-1.56-2.78z\"><\/path><path d=\"m22.25 1h-2.85c.07.24.1.49.1.75v4.5c0 1.17-.63 2.2-1.56 2.78l1.5 1.71c.14.17.34.26.56.26h.03c.22-.01.43-.12.57-.3l1.27-1.7h.38c.96 0 1.75-.79 1.75-1.75v-4.5c0-.96-.79-1.75-1.75-1.75z\"><\/path><path d=\"m12 10c-.009 0-.019 0-.028 0-.226-.009-.436-.119-.572-.3l-1.275-1.7h-2.375c-.965 0-1.75-.785-1.75-1.75v-4.5c0-.965.785-1.75 1.75-1.75h8.5c.965 0 1.75.785 1.75 1.75v4.5c0 .965-.785 1.75-1.75 1.75h-2.16l-1.526 1.744c-.142.163-.348.256-.564.256z\"><\/path><circle cx=\"4\" cy=\"15\" r=\"2\"><\/circle><path d=\"m6.67 18.4c-1.01.76-1.67 1.98-1.67 3.35v.25h-4.25c-.41 0-.75-.34-.75-.75v-.5c0-1.52 1.23-2.75 2.75-2.75h2.5c.52 0 1.01.15 1.42.4z\"><\/path><circle cx=\"20\" cy=\"15\" r=\"2\"><\/circle><path d=\"m24 20.75v.5c0 .41-.34.75-.75.75h-4.25v-.25c0-1.37-.66-2.59-1.67-3.35.41-.25.9-.4 1.42-.4h2.5c1.52 0 2.75 1.23 2.75 2.75z\"><\/path><circle cx=\"12\" cy=\"14.5\" r=\"3\"><\/circle><path d=\"m14.75 19h-5.5c-1.517 0-2.75 1.233-2.75 2.75v1.5c0 .414.336.75.75.75h9.5c.414 0 .75-.336.75-.75v-1.5c0-1.517-1.233-2.75-2.75-2.75z\"><\/path><\/svg>\t\t\t<\/div>\n\t\t<\/div>\n\t\t\t\t<\/div>\n\t\t\t\t<\/div>\n\t\t\t\t\t<\/div>\n\t\t<\/div>\n\t\t\t\t<div class=\"elementor-column elementor-col-33 elementor-top-column elementor-element elementor-element-1021126\" data-id=\"1021126\" data-element_type=\"column\">\n\t\t\t<div class=\"elementor-widget-wrap elementor-element-populated\">\n\t\t\t\t\t\t<div class=\"elementor-element elementor-element-b244c5f elementor-widget elementor-widget-heading\" data-id=\"b244c5f\" data-element_type=\"widget\" data-widget_type=\"heading.default\">\n\t\t\t\t<div class=\"elementor-widget-container\">\n\t\t\t<h2 class=\"elementor-heading-title elementor-size-default\">Lenga e Cultura<\/h2>\t\t<\/div>\n\t\t\t\t<\/div>\n\t\t\t\t<div class=\"elementor-element elementor-element-4bb95a6 elementor-view-default elementor-widget elementor-widget-icon\" data-id=\"4bb95a6\" data-element_type=\"widget\" data-widget_type=\"icon.default\">\n\t\t\t\t<div class=\"elementor-widget-container\">\n\t\t\t\t\t<div class=\"elementor-icon-wrapper\">\n\t\t\t<div class=\"elementor-icon\">\n\t\t\t<svg xmlns=\"http:\/\/www.w3.org\/2000\/svg\" xmlns:xlink=\"http:\/\/www.w3.org\/1999\/xlink\" id=\"Capa_1\" x=\"0px\" y=\"0px\" viewBox=\"0 0 96.49 96.49\" style=\"enable-background:new 0 0 96.49 96.49;\" xml:space=\"preserve\"><g>\t<path d=\"M45.443,22.544c5.975,0,10.836-4.861,10.836-10.836S51.418,0.873,45.443,0.873S34.607,5.733,34.607,11.708   S39.468,22.544,45.443,22.544z\"><\/path>\t<path d=\"M77.24,93.073l-8.17-8.171V55.577c0.456-0.254,0.846-0.622,1.12-1.078l0.778-1.295c0.844-1.406,0.406-3.267-0.978-4.147   l-0.92-0.586V21.449c1.579-0.607,2.708-2.129,2.708-3.92v-2.332c0-2.321-1.888-4.209-4.209-4.209c-2.32,0-4.208,1.888-4.208,4.209   v2.332c0,1.791,1.129,3.314,2.709,3.92v25.114l-7.089-4.512c-0.707-0.449-1.533-1.599-1.734-2.412l-2.982-12.053   c-0.079-0.318-0.207-0.602-0.369-0.851c-0.496-0.974-1.498-1.649-2.664-1.649h-11.69L27.271,1.782C26.691,0.683,25.551,0,24.295,0   c-0.508,0-1.016,0.118-1.469,0.342l-2.211,1.094c-0.791,0.391-1.375,1.066-1.646,1.901c-0.271,0.835-0.194,1.726,0.217,2.505   l14.217,27.001v24.25c-0.025,0.067-0.06,0.129-0.082,0.197l-9.783,30.638c-0.407,1.276-0.283,2.619,0.35,3.781   s1.694,1.994,2.987,2.343l0.654,0.177c0.428,0.116,0.872,0.175,1.318,0.175c2.251,0,4.296-1.481,4.974-3.603l9.288-29.087h0.771   l1.694,8.42c0.269,1.335,0.521,3.612,0.552,4.974l0.382,17.203c0.041,1.85,1.452,3.245,3.282,3.245c0.16,0,0.323-0.011,0.488-0.034   l3.223-0.447c1.921-0.267,3.401-2.06,3.301-3.997L55.9,73.806c-0.076-1.457-0.299-3.815-0.498-5.256l-1.171-19.799l11.838,6.816   v29.335l-8.17,8.171c-0.586,0.586-0.586,1.536,0,2.121c0.293,0.293,0.677,0.439,1.061,0.439s0.768-0.146,1.061-0.439l6.049-6.049   v5.845c0,0.829,0.671,1.5,1.5,1.5s1.5-0.671,1.5-1.5v-5.845l6.049,6.049c0.293,0.293,0.677,0.439,1.061,0.439   s0.768-0.146,1.061-0.439C77.826,94.608,77.826,93.659,77.24,93.073z\"><\/path><\/g><g><\/g><g><\/g><g><\/g><g><\/g><g><\/g><g><\/g><g><\/g><g><\/g><g><\/g><g><\/g><g><\/g><g><\/g><g><\/g><g><\/g><g><\/g><\/svg>\t\t\t<\/div>\n\t\t<\/div>\n\t\t\t\t<\/div>\n\t\t\t\t<\/div>\n\t\t\t\t<div class=\"elementor-element elementor-element-eccf9ab elementor-view-default elementor-widget elementor-widget-icon\" data-id=\"eccf9ab\" data-element_type=\"widget\" data-widget_type=\"icon.default\">\n\t\t\t\t<div class=\"elementor-widget-container\">\n\t\t\t\t\t<div class=\"elementor-icon-wrapper\">\n\t\t\t<div class=\"elementor-icon\">\n\t\t\t\t\t\t<\/div>\n\t\t<\/div>\n\t\t\t\t<\/div>\n\t\t\t\t<\/div>\n\t\t\t\t\t<\/div>\n\t\t<\/div>\n\t\t\t\t\t<\/div>\n\t\t<\/section>\n\t\t\t\t<section class=\"elementor-section elementor-top-section elementor-element elementor-element-d277706 elementor-section-boxed elementor-section-height-default elementor-section-height-default\" data-id=\"d277706\" data-element_type=\"section\">\n\t\t\t\t\t\t<div class=\"elementor-container elementor-column-gap-default\">\n\t\t\t\t\t<div class=\"elementor-column elementor-col-100 elementor-top-column elementor-element elementor-element-f8e5045\" data-id=\"f8e5045\" data-element_type=\"column\">\n\t\t\t<div class=\"elementor-widget-wrap elementor-element-populated\">\n\t\t\t\t\t\t<div class=\"elementor-element elementor-element-fb4577a elementor-widget elementor-widget-spacer\" data-id=\"fb4577a\" data-element_type=\"widget\" data-widget_type=\"spacer.default\">\n\t\t\t\t<div class=\"elementor-widget-container\">\n\t\t\t\t\t<div class=\"elementor-spacer\">\n\t\t\t<div class=\"elementor-spacer-inner\"><\/div>\n\t\t<\/div>\n\t\t\t\t<\/div>\n\t\t\t\t<\/div>\n\t\t\t\t\t<\/div>\n\t\t<\/div>\n\t\t\t\t\t<\/div>\n\t\t<\/section>\n\t\t\t\t<section class=\"elementor-section elementor-top-section elementor-element elementor-element-3c42939 elementor-section-boxed elementor-section-height-default elementor-section-height-default\" data-id=\"3c42939\" data-element_type=\"section\">\n\t\t\t\t\t\t<div class=\"elementor-container elementor-column-gap-default\">\n\t\t\t\t\t<div class=\"elementor-column elementor-col-100 elementor-top-column elementor-element elementor-element-a3d7724\" data-id=\"a3d7724\" data-element_type=\"column\">\n\t\t\t<div class=\"elementor-widget-wrap elementor-element-populated\">\n\t\t\t\t\t\t<div class=\"elementor-element elementor-element-2fae7b6 elementor-widget elementor-widget-html\" data-id=\"2fae7b6\" data-element_type=\"widget\" data-widget_type=\"html.default\">\n\t\t\t\t<div class=\"elementor-widget-container\">\n\t\t\t<iframe title=\"vimeo-player\" src=\"https:\/\/player.vimeo.com\/video\/386341850\" width=\"640\" height=\"360\" frameborder=\"0\" allowfullscreen><\/iframe>\t\t<\/div>\n\t\t\t\t<\/div>\n\t\t\t\t\t<\/div>\n\t\t<\/div>\n\t\t\t\t\t<\/div>\n\t\t<\/section>\n\t\t\t\t<\/div>\n\t\t","protected":false},"excerpt":{"rendered":"<p>Pr\u00e9c\u00e9dent Suivant Pr\u00e9sentation de l&rsquo;\u00e9cole Cr\u00e9\u00e9e \u00e0 &#8230; en &#8230;, la Calandreta &#8230; est une \u00e9cole associative, bilingue et la\u00efque, qui enseigne l\u2019occitan par l\u2019immersion dans la langue et d\u00e9veloppe une d\u00e9marche p\u00e9dagogique inspir\u00e9e de la m\u00e9thode Freinet et de la p\u00e9dagogie institutionnelle. Pr\u00e9sentacion de la esc\u00f2la Creada a &#8230;, la Calandreta &#8230; es una [&hellip;]<\/p>\n","protected":false},"author":2,"featured_media":0,"parent":0,"menu_order":0,"comment_status":"closed","ping_status":"closed","template":"","meta":{"footnotes":""},"class_list":["post-29","page","type-page","status-publish","hentry","entry"],"_links":{"self":[{"href":"https:\/\/cintegabelle.establiment.fr\/index.php?rest_route=\/wp\/v2\/pages\/29"}],"collection":[{"href":"https:\/\/cintegabelle.establiment.fr\/index.php?rest_route=\/wp\/v2\/pages"}],"about":[{"href":"https:\/\/cintegabelle.establiment.fr\/index.php?rest_route=\/wp\/v2\/types\/page"}],"author":[{"embeddable":true,"href":"https:\/\/cintegabelle.establiment.fr\/index.php?rest_route=\/wp\/v2\/users\/2"}],"replies":[{"embeddable":true,"href":"https:\/\/cintegabelle.establiment.fr\/index.php?rest_route=%2Fwp%2Fv2%2Fcomments&post=29"}],"version-history":[{"count":74,"href":"https:\/\/cintegabelle.establiment.fr\/index.php?rest_route=\/wp\/v2\/pages\/29\/revisions"}],"predecessor-version":[{"id":573,"href":"https:\/\/cintegabelle.establiment.fr\/index.php?rest_route=\/wp\/v2\/pages\/29\/revisions\/573"}],"wp:attachment":[{"href":"https:\/\/cintegabelle.establiment.fr\/index.php?rest_route=%2Fwp%2Fv2%2Fmedia&parent=29"}],"curies":[{"name":"wp","href":"https:\/\/api.w.org\/{rel}","templated":true}]}}